{"id":236,"date":"2023-05-17T01:04:13","date_gmt":"2023-05-17T04:04:13","guid":{"rendered":"https:\/\/souzamendescontabilidade.com.br\/?page_id=236"},"modified":"2025-02-28T17:18:27","modified_gmt":"2025-02-28T20:18:27","slug":"home","status":"publish","type":"page","link":"https:\/\/souzamendescontabilidade.com.br\/","title":{"rendered":"Home"},"content":{"rendered":"\t\t<div data-elementor-type=\"wp-page\" data-elementor-id=\"236\" class=\"elementor elementor-236\">\n\t\t\t\t<div class=\"elementor-element elementor-element-544eea8 animated-slow e-flex e-con-boxed elementor-invisible e-con e-parent\" data-id=\"544eea8\" data-element_type=\"container\" data-e-type=\"container\" id=\"home\" data-settings=\"{&quot;background_background&quot;:&quot;classic&quot;,&quot;animation&quot;:&quot;fadeIn&quot;}\">\n\t\t\t\t\t<div class=\"e-con-inner\">\n\t\t\t\t<div class=\"elementor-element elementor-element-221e2d2 elementor-widget__width-initial elementor-widget-mobile__width-initial elementor-widget elementor-widget-heading\" data-id=\"221e2d2\" data-element_type=\"widget\" data-e-type=\"widget\" data-settings=\"{&quot;_animation&quot;:&quot;none&quot;}\" data-widget_type=\"heading.default\">\n\t\t\t\t<div class=\"elementor-widget-container\">\n\t\t\t\t\t<h2 class=\"elementor-heading-title elementor-size-default\">Trabalhando incansavelmente para o sucesso dos nossos clientes.<\/h2>\t\t\t\t<\/div>\n\t\t\t\t<\/div>\n\t\t\t\t<div class=\"elementor-element elementor-element-bf2691f elementor-widget__width-initial elementor-widget-mobile__width-initial elementor-widget elementor-widget-text-editor\" data-id=\"bf2691f\" data-element_type=\"widget\" data-e-type=\"widget\" data-widget_type=\"text-editor.default\">\n\t\t\t\t<div class=\"elementor-widget-container\">\n\t\t\t\t\t\t\t\t\t<p>N\u00f3s acreditamos que a contabilidade vai muito al\u00e9m de n\u00fameros e planilhas. \u00c9 sobre entender as necessidades de cada um dos nossos clientes e ajud\u00e1-los da melhor maneira poss\u00edvel.<\/p>\t\t\t\t\t\t\t\t<\/div>\n\t\t\t\t<\/div>\n\t\t<div class=\"elementor-element elementor-element-c2e14f5 e-con-full e-flex e-con e-child\" data-id=\"c2e14f5\" data-element_type=\"container\" data-e-type=\"container\">\n\t\t\t\t<div class=\"elementor-element elementor-element-456b7b5 elementor-align-justify elementor-widget__width-initial elementor-widget elementor-widget-button\" data-id=\"456b7b5\" data-element_type=\"widget\" data-e-type=\"widget\" data-widget_type=\"button.default\">\n\t\t\t\t<div class=\"elementor-widget-container\">\n\t\t\t\t\t\t\t\t\t<div class=\"elementor-button-wrapper\">\n\t\t\t\t\t<a class=\"elementor-button elementor-button-link elementor-size-sm elementor-animation-grow\" href=\"https:\/\/api.whatsapp.com\/send?phone=5521998559463&#038;text=Gostaria%20de%20falar%20com%20um%20contador\">\n\t\t\t\t\t\t<span class=\"elementor-button-content-wrapper\">\n\t\t\t\t\t\t\t\t\t<span class=\"elementor-button-text\">Quero abrir uma empresa<\/span>\n\t\t\t\t\t<\/span>\n\t\t\t\t\t<\/a>\n\t\t\t\t<\/div>\n\t\t\t\t\t\t\t\t<\/div>\n\t\t\t\t<\/div>\n\t\t\t\t<div class=\"elementor-element elementor-element-8141522 elementor-align-justify elementor-widget__width-initial elementor-widget elementor-widget-button\" data-id=\"8141522\" data-element_type=\"widget\" data-e-type=\"widget\" data-widget_type=\"button.default\">\n\t\t\t\t<div class=\"elementor-widget-container\">\n\t\t\t\t\t\t\t\t\t<div class=\"elementor-button-wrapper\">\n\t\t\t\t\t<a class=\"elementor-button elementor-button-link elementor-size-sm elementor-animation-grow\" href=\"https:\/\/api.whatsapp.com\/send?phone=5521998559463&#038;text=Gostaria%20de%20falar%20com%20um%20contador\">\n\t\t\t\t\t\t<span class=\"elementor-button-content-wrapper\">\n\t\t\t\t\t\t\t\t\t<span class=\"elementor-button-text\">Quero trocar de contador<\/span>\n\t\t\t\t\t<\/span>\n\t\t\t\t\t<\/a>\n\t\t\t\t<\/div>\n\t\t\t\t\t\t\t\t<\/div>\n\t\t\t\t<\/div>\n\t\t\t\t<\/div>\n\t\t\t\t\t<\/div>\n\t\t\t\t<\/div>\n\t\t<div class=\"elementor-element elementor-element-7cbfca7 e-flex e-con-boxed e-con e-parent\" data-id=\"7cbfca7\" data-element_type=\"container\" data-e-type=\"container\" id=\"sobre\">\n\t\t\t\t\t<div class=\"e-con-inner\">\n\t\t<div class=\"elementor-element elementor-element-5afca33 e-con-full e-flex e-con e-child\" data-id=\"5afca33\" data-element_type=\"container\" data-e-type=\"container\">\n\t\t<div class=\"elementor-element elementor-element-60fdd46 e-con-full e-flex e-con e-child\" data-id=\"60fdd46\" data-element_type=\"container\" data-e-type=\"container\">\n\t\t\t\t<div class=\"elementor-element elementor-element-f572a69 elementor-widget elementor-widget-heading\" data-id=\"f572a69\" data-element_type=\"widget\" data-e-type=\"widget\" data-widget_type=\"heading.default\">\n\t\t\t\t<div class=\"elementor-widget-container\">\n\t\t\t\t\t<h2 class=\"elementor-heading-title elementor-size-default\">Sobre n\u00f3s<\/h2>\t\t\t\t<\/div>\n\t\t\t\t<\/div>\n\t\t\t\t<div class=\"elementor-element elementor-element-aa25a66 elementor-widget__width-initial elementor-widget-mobile__width-initial elementor-widget elementor-widget-text-editor\" data-id=\"aa25a66\" data-element_type=\"widget\" data-e-type=\"widget\" data-widget_type=\"text-editor.default\">\n\t\t\t\t<div class=\"elementor-widget-container\">\n\t\t\t\t\t\t\t\t\tNosso foco \u00e9 simplificar a vida dos nossos clientes.\n<br><\/br>\nNosso compromisso \u00e9 construir uma parceria s\u00f3lida e fornecer ferramentas para o crescimento de nossos clientes. Em nossa jornada, aprendemos que a contabilidade vai muito al\u00e9m do aspecto financeiro. Sabemos que os n\u00fameros s\u00e3o fundamentais, mas tamb\u00e9m reconhecemos que eles contam hist\u00f3rias valiosas sobre o desempenho e a sa\u00fade financeira de uma empresa. Por isso, nos dedicamos a fornecer indicadores concisos, que apontem a dire\u00e7\u00e3o correta para nossos clientes.\n<br><\/br>\nAqui na\u00a0 <b>Souza Mendes<\/b>, n\u00e3o apenas acompanhamos os n\u00fameros, mas tamb\u00e9m possu\u00edmos a expertise necess\u00e1ria para orientar nossos clientes em todas as \u00e1reas do neg\u00f3cio. Nossa equipe de profissionais altamente especializados est\u00e1 sempre atualizada com as melhores pr\u00e1ticas cont\u00e1beis, tribut\u00e1rias e empresariais. Desta forma, oferecemos uma orienta\u00e7\u00e3o personalizada, adaptada \u00e0s necessidades espec\u00edficas de cada empresa, fornecendo insights exclusivos para melhoria dos processos e otimiza\u00e7\u00e3o de resultados.\t\t\t\t\t\t\t\t<\/div>\n\t\t\t\t<\/div>\n\t\t\t\t<\/div>\n\t\t<div class=\"elementor-element elementor-element-6c69aa1 e-con-full e-flex e-con e-child\" data-id=\"6c69aa1\" data-element_type=\"container\" data-e-type=\"container\">\n\t\t\t\t<div class=\"elementor-element elementor-element-73bf318 elementor-hidden-tablet elementor-hidden-mobile elementor-widget elementor-widget-image\" data-id=\"73bf318\" data-element_type=\"widget\" data-e-type=\"widget\" data-widget_type=\"image.default\">\n\t\t\t\t<div class=\"elementor-widget-container\">\n\t\t\t\t\t\t\t\t\t\t\t\t\t\t\t<img fetchpriority=\"high\" decoding=\"async\" width=\"1280\" height=\"1024\" src=\"https:\/\/souzamendescontabilidade.com.br\/wp-content\/uploads\/2024\/02\/Logo_vert-Copia.png\" class=\"attachment-full size-full wp-image-1239\" alt=\"\" srcset=\"https:\/\/souzamendescontabilidade.com.br\/wp-content\/uploads\/2024\/02\/Logo_vert-Copia.png 1280w, https:\/\/souzamendescontabilidade.com.br\/wp-content\/uploads\/2024\/02\/Logo_vert-Copia-300x240.png 300w, https:\/\/souzamendescontabilidade.com.br\/wp-content\/uploads\/2024\/02\/Logo_vert-Copia-1024x819.png 1024w, https:\/\/souzamendescontabilidade.com.br\/wp-content\/uploads\/2024\/02\/Logo_vert-Copia-768x614.png 768w\" sizes=\"(max-width: 1280px) 100vw, 1280px\" \/>\t\t\t\t\t\t\t\t\t\t\t\t\t\t\t<\/div>\n\t\t\t\t<\/div>\n\t\t\t\t<\/div>\n\t\t\t\t<\/div>\n\t\t\t\t\t<\/div>\n\t\t\t\t<\/div>\n\t\t<div class=\"elementor-element elementor-element-6df6803 animated-slow e-flex e-con-boxed elementor-invisible e-con e-parent\" data-id=\"6df6803\" data-element_type=\"container\" data-e-type=\"container\" id=\"servi\u00e7os\" data-settings=\"{&quot;background_background&quot;:&quot;classic&quot;,&quot;animation&quot;:&quot;fadeIn&quot;}\">\n\t\t\t\t\t<div class=\"e-con-inner\">\n\t\t<div class=\"elementor-element elementor-element-7eea0b5 e-con-full e-flex e-con e-child\" data-id=\"7eea0b5\" data-element_type=\"container\" data-e-type=\"container\">\n\t\t<div class=\"elementor-element elementor-element-7e5476f e-con-full e-flex e-con e-child\" data-id=\"7e5476f\" data-element_type=\"container\" data-e-type=\"container\">\n\t\t\t\t<div class=\"elementor-element elementor-element-4ee6eb9 elementor-widget elementor-widget-image\" data-id=\"4ee6eb9\" data-element_type=\"widget\" data-e-type=\"widget\" data-widget_type=\"image.default\">\n\t\t\t\t<div class=\"elementor-widget-container\">\n\t\t\t\t\t\t\t\t\t\t\t\t\t\t\t<img decoding=\"async\" width=\"800\" height=\"800\" src=\"https:\/\/souzamendescontabilidade.com.br\/wp-content\/uploads\/2025\/02\/1-1024x1024.png\" class=\"attachment-large size-large wp-image-2166\" alt=\"\" srcset=\"https:\/\/souzamendescontabilidade.com.br\/wp-content\/uploads\/2025\/02\/1-1024x1024.png 1024w, https:\/\/souzamendescontabilidade.com.br\/wp-content\/uploads\/2025\/02\/1-300x300.png 300w, https:\/\/souzamendescontabilidade.com.br\/wp-content\/uploads\/2025\/02\/1-150x150.png 150w, https:\/\/souzamendescontabilidade.com.br\/wp-content\/uploads\/2025\/02\/1-768x768.png 768w, https:\/\/souzamendescontabilidade.com.br\/wp-content\/uploads\/2025\/02\/1.png 1080w\" sizes=\"(max-width: 800px) 100vw, 800px\" \/>\t\t\t\t\t\t\t\t\t\t\t\t\t\t\t<\/div>\n\t\t\t\t<\/div>\n\t\t\t\t<\/div>\n\t\t<div class=\"elementor-element elementor-element-2acc6d2 e-con-full e-flex e-con e-child\" data-id=\"2acc6d2\" data-element_type=\"container\" data-e-type=\"container\">\n\t\t\t\t<div class=\"elementor-element elementor-element-f192f4a elementor-widget elementor-widget-image\" data-id=\"f192f4a\" data-element_type=\"widget\" data-e-type=\"widget\" data-widget_type=\"image.default\">\n\t\t\t\t<div class=\"elementor-widget-container\">\n\t\t\t\t\t\t\t\t\t\t\t\t\t\t\t<img decoding=\"async\" width=\"800\" height=\"800\" src=\"https:\/\/souzamendescontabilidade.com.br\/wp-content\/uploads\/2025\/02\/2-1024x1024.png\" class=\"attachment-large size-large wp-image-2167\" alt=\"\" srcset=\"https:\/\/souzamendescontabilidade.com.br\/wp-content\/uploads\/2025\/02\/2-1024x1024.png 1024w, https:\/\/souzamendescontabilidade.com.br\/wp-content\/uploads\/2025\/02\/2-300x300.png 300w, https:\/\/souzamendescontabilidade.com.br\/wp-content\/uploads\/2025\/02\/2-150x150.png 150w, https:\/\/souzamendescontabilidade.com.br\/wp-content\/uploads\/2025\/02\/2-768x768.png 768w, https:\/\/souzamendescontabilidade.com.br\/wp-content\/uploads\/2025\/02\/2.png 1080w\" sizes=\"(max-width: 800px) 100vw, 800px\" \/>\t\t\t\t\t\t\t\t\t\t\t\t\t\t\t<\/div>\n\t\t\t\t<\/div>\n\t\t\t\t<\/div>\n\t\t<div class=\"elementor-element elementor-element-5bf895b e-con-full e-flex e-con e-child\" data-id=\"5bf895b\" data-element_type=\"container\" data-e-type=\"container\">\n\t\t\t\t<div class=\"elementor-element elementor-element-cb2e9ff elementor-widget elementor-widget-image\" data-id=\"cb2e9ff\" data-element_type=\"widget\" data-e-type=\"widget\" data-widget_type=\"image.default\">\n\t\t\t\t<div class=\"elementor-widget-container\">\n\t\t\t\t\t\t\t\t\t\t\t\t\t\t\t<img loading=\"lazy\" decoding=\"async\" width=\"800\" height=\"800\" src=\"https:\/\/souzamendescontabilidade.com.br\/wp-content\/uploads\/2025\/02\/3-1024x1024.png\" class=\"attachment-large size-large wp-image-2168\" alt=\"\" srcset=\"https:\/\/souzamendescontabilidade.com.br\/wp-content\/uploads\/2025\/02\/3-1024x1024.png 1024w, https:\/\/souzamendescontabilidade.com.br\/wp-content\/uploads\/2025\/02\/3-300x300.png 300w, https:\/\/souzamendescontabilidade.com.br\/wp-content\/uploads\/2025\/02\/3-150x150.png 150w, https:\/\/souzamendescontabilidade.com.br\/wp-content\/uploads\/2025\/02\/3-768x768.png 768w, https:\/\/souzamendescontabilidade.com.br\/wp-content\/uploads\/2025\/02\/3.png 1080w\" sizes=\"(max-width: 800px) 100vw, 800px\" \/>\t\t\t\t\t\t\t\t\t\t\t\t\t\t\t<\/div>\n\t\t\t\t<\/div>\n\t\t\t\t<\/div>\n\t\t<div class=\"elementor-element elementor-element-fb90260 e-con-full e-flex e-con e-child\" data-id=\"fb90260\" data-element_type=\"container\" data-e-type=\"container\">\n\t\t\t\t<div class=\"elementor-element elementor-element-4b90505 elementor-widget elementor-widget-image\" data-id=\"4b90505\" data-element_type=\"widget\" data-e-type=\"widget\" data-widget_type=\"image.default\">\n\t\t\t\t<div class=\"elementor-widget-container\">\n\t\t\t\t\t\t\t\t\t\t\t\t\t\t\t<img loading=\"lazy\" decoding=\"async\" width=\"800\" height=\"800\" src=\"https:\/\/souzamendescontabilidade.com.br\/wp-content\/uploads\/2025\/02\/4-1024x1024.png\" class=\"attachment-large size-large wp-image-2169\" alt=\"\" srcset=\"https:\/\/souzamendescontabilidade.com.br\/wp-content\/uploads\/2025\/02\/4-1024x1024.png 1024w, https:\/\/souzamendescontabilidade.com.br\/wp-content\/uploads\/2025\/02\/4-300x300.png 300w, https:\/\/souzamendescontabilidade.com.br\/wp-content\/uploads\/2025\/02\/4-150x150.png 150w, https:\/\/souzamendescontabilidade.com.br\/wp-content\/uploads\/2025\/02\/4-768x768.png 768w, https:\/\/souzamendescontabilidade.com.br\/wp-content\/uploads\/2025\/02\/4.png 1080w\" sizes=\"(max-width: 800px) 100vw, 800px\" \/>\t\t\t\t\t\t\t\t\t\t\t\t\t\t\t<\/div>\n\t\t\t\t<\/div>\n\t\t\t\t<\/div>\n\t\t\t\t<\/div>\n\t\t<div class=\"elementor-element elementor-element-db5a683 e-con-full e-flex e-con e-child\" data-id=\"db5a683\" data-element_type=\"container\" data-e-type=\"container\">\n\t\t<div class=\"elementor-element elementor-element-55b3e01 e-con-full e-flex e-con e-child\" data-id=\"55b3e01\" data-element_type=\"container\" data-e-type=\"container\">\n\t\t\t\t<div class=\"elementor-element elementor-element-f25fb93 elementor-widget elementor-widget-image\" data-id=\"f25fb93\" data-element_type=\"widget\" data-e-type=\"widget\" data-widget_type=\"image.default\">\n\t\t\t\t<div class=\"elementor-widget-container\">\n\t\t\t\t\t\t\t\t\t\t\t\t\t\t\t<img loading=\"lazy\" decoding=\"async\" width=\"800\" height=\"800\" src=\"https:\/\/souzamendescontabilidade.com.br\/wp-content\/uploads\/2025\/02\/5-1024x1024.png\" class=\"attachment-large size-large wp-image-2170\" alt=\"\" srcset=\"https:\/\/souzamendescontabilidade.com.br\/wp-content\/uploads\/2025\/02\/5-1024x1024.png 1024w, https:\/\/souzamendescontabilidade.com.br\/wp-content\/uploads\/2025\/02\/5-300x300.png 300w, https:\/\/souzamendescontabilidade.com.br\/wp-content\/uploads\/2025\/02\/5-150x150.png 150w, https:\/\/souzamendescontabilidade.com.br\/wp-content\/uploads\/2025\/02\/5-768x768.png 768w, https:\/\/souzamendescontabilidade.com.br\/wp-content\/uploads\/2025\/02\/5.png 1080w\" sizes=\"(max-width: 800px) 100vw, 800px\" \/>\t\t\t\t\t\t\t\t\t\t\t\t\t\t\t<\/div>\n\t\t\t\t<\/div>\n\t\t\t\t<\/div>\n\t\t<div class=\"elementor-element elementor-element-54398ba e-con-full e-flex e-con e-child\" data-id=\"54398ba\" data-element_type=\"container\" data-e-type=\"container\">\n\t\t\t\t<div class=\"elementor-element elementor-element-2883289 elementor-widget elementor-widget-image\" data-id=\"2883289\" data-element_type=\"widget\" data-e-type=\"widget\" data-widget_type=\"image.default\">\n\t\t\t\t<div class=\"elementor-widget-container\">\n\t\t\t\t\t\t\t\t\t\t\t\t\t\t\t<img loading=\"lazy\" decoding=\"async\" width=\"800\" height=\"800\" src=\"https:\/\/souzamendescontabilidade.com.br\/wp-content\/uploads\/2025\/02\/6-1024x1024.png\" class=\"attachment-large size-large wp-image-2171\" alt=\"\" srcset=\"https:\/\/souzamendescontabilidade.com.br\/wp-content\/uploads\/2025\/02\/6-1024x1024.png 1024w, https:\/\/souzamendescontabilidade.com.br\/wp-content\/uploads\/2025\/02\/6-300x300.png 300w, https:\/\/souzamendescontabilidade.com.br\/wp-content\/uploads\/2025\/02\/6-150x150.png 150w, https:\/\/souzamendescontabilidade.com.br\/wp-content\/uploads\/2025\/02\/6-768x768.png 768w, https:\/\/souzamendescontabilidade.com.br\/wp-content\/uploads\/2025\/02\/6.png 1080w\" sizes=\"(max-width: 800px) 100vw, 800px\" \/>\t\t\t\t\t\t\t\t\t\t\t\t\t\t\t<\/div>\n\t\t\t\t<\/div>\n\t\t\t\t<\/div>\n\t\t<div class=\"elementor-element elementor-element-6284cbf e-con-full e-flex e-con e-child\" data-id=\"6284cbf\" data-element_type=\"container\" data-e-type=\"container\">\n\t\t\t\t<div class=\"elementor-element elementor-element-07b1c28 elementor-widget elementor-widget-image\" data-id=\"07b1c28\" data-element_type=\"widget\" data-e-type=\"widget\" data-widget_type=\"image.default\">\n\t\t\t\t<div class=\"elementor-widget-container\">\n\t\t\t\t\t\t\t\t\t\t\t\t\t\t\t<img loading=\"lazy\" decoding=\"async\" width=\"800\" height=\"800\" src=\"https:\/\/souzamendescontabilidade.com.br\/wp-content\/uploads\/2025\/02\/7-1024x1024.png\" class=\"attachment-large size-large wp-image-2172\" alt=\"\" srcset=\"https:\/\/souzamendescontabilidade.com.br\/wp-content\/uploads\/2025\/02\/7-1024x1024.png 1024w, https:\/\/souzamendescontabilidade.com.br\/wp-content\/uploads\/2025\/02\/7-300x300.png 300w, https:\/\/souzamendescontabilidade.com.br\/wp-content\/uploads\/2025\/02\/7-150x150.png 150w, https:\/\/souzamendescontabilidade.com.br\/wp-content\/uploads\/2025\/02\/7-768x768.png 768w, https:\/\/souzamendescontabilidade.com.br\/wp-content\/uploads\/2025\/02\/7.png 1080w\" sizes=\"(max-width: 800px) 100vw, 800px\" \/>\t\t\t\t\t\t\t\t\t\t\t\t\t\t\t<\/div>\n\t\t\t\t<\/div>\n\t\t\t\t<\/div>\n\t\t<div class=\"elementor-element elementor-element-fc7266f e-con-full e-flex e-con e-child\" data-id=\"fc7266f\" data-element_type=\"container\" data-e-type=\"container\">\n\t\t\t\t<div class=\"elementor-element elementor-element-2f967c8 elementor-widget elementor-widget-image\" data-id=\"2f967c8\" data-element_type=\"widget\" data-e-type=\"widget\" data-widget_type=\"image.default\">\n\t\t\t\t<div class=\"elementor-widget-container\">\n\t\t\t\t\t\t\t\t\t\t\t\t\t\t\t<img loading=\"lazy\" decoding=\"async\" width=\"800\" height=\"800\" src=\"https:\/\/souzamendescontabilidade.com.br\/wp-content\/uploads\/2025\/02\/8-1024x1024.png\" class=\"attachment-large size-large wp-image-2173\" alt=\"\" srcset=\"https:\/\/souzamendescontabilidade.com.br\/wp-content\/uploads\/2025\/02\/8-1024x1024.png 1024w, https:\/\/souzamendescontabilidade.com.br\/wp-content\/uploads\/2025\/02\/8-300x300.png 300w, https:\/\/souzamendescontabilidade.com.br\/wp-content\/uploads\/2025\/02\/8-150x150.png 150w, https:\/\/souzamendescontabilidade.com.br\/wp-content\/uploads\/2025\/02\/8-768x768.png 768w, https:\/\/souzamendescontabilidade.com.br\/wp-content\/uploads\/2025\/02\/8.png 1080w\" sizes=\"(max-width: 800px) 100vw, 800px\" \/>\t\t\t\t\t\t\t\t\t\t\t\t\t\t\t<\/div>\n\t\t\t\t<\/div>\n\t\t\t\t<\/div>\n\t\t\t\t<\/div>\n\t\t\t\t\t<\/div>\n\t\t\t\t<\/div>\n\t\t<div class=\"elementor-element elementor-element-7e1485f e-con-full e-flex e-con e-parent\" data-id=\"7e1485f\" data-element_type=\"container\" data-e-type=\"container\" data-settings=\"{&quot;background_background&quot;:&quot;classic&quot;}\">\n\t\t\t\t<div class=\"elementor-element elementor-element-5fe8b0d animated-slow elementor-invisible elementor-widget elementor-widget-heading\" data-id=\"5fe8b0d\" data-element_type=\"widget\" data-e-type=\"widget\" data-settings=\"{&quot;_animation&quot;:&quot;fadeIn&quot;}\" data-widget_type=\"heading.default\">\n\t\t\t\t<div class=\"elementor-widget-container\">\n\t\t\t\t\t<h3 class=\"elementor-heading-title elementor-size-default\">Nossos diferenciais<\/h3>\t\t\t\t<\/div>\n\t\t\t\t<\/div>\n\t\t<div class=\"elementor-element elementor-element-76026ea e-flex e-con-boxed e-con e-child\" data-id=\"76026ea\" data-element_type=\"container\" data-e-type=\"container\">\n\t\t\t\t\t<div class=\"e-con-inner\">\n\t\t\t\t<div class=\"elementor-element elementor-element-e483999 elementor-view-stacked elementor-shape-square elementor-widget__width-initial elementor-position-block-start elementor-widget elementor-widget-icon-box\" data-id=\"e483999\" data-element_type=\"widget\" data-e-type=\"widget\" data-widget_type=\"icon-box.default\">\n\t\t\t\t<div class=\"elementor-widget-container\">\n\t\t\t\t\t\t\t<div class=\"elementor-icon-box-wrapper\">\n\n\t\t\t\t\t\t<div class=\"elementor-icon-box-icon\">\n\t\t\t\t<span  class=\"elementor-icon elementor-animation-shrink\">\n\t\t\t\t<i aria-hidden=\"true\" class=\"fas fa-chart-line\"><\/i>\t\t\t\t<\/span>\n\t\t\t<\/div>\n\t\t\t\n\t\t\t\t\t\t<div class=\"elementor-icon-box-content\">\n\n\t\t\t\t\n\t\t\t\t\t\t\t\t\t<p class=\"elementor-icon-box-description\">\n\t\t\t\t\t\t<b>Tenha sua empresa sob controle<br><\/b><br>Planejamento financeiro estrat\u00e9gico para o sua empresa crescer com seguran\u00e7a.\t\t\t\t\t<\/p>\n\t\t\t\t\n\t\t\t<\/div>\n\t\t\t\n\t\t<\/div>\n\t\t\t\t\t\t<\/div>\n\t\t\t\t<\/div>\n\t\t\t\t<div class=\"elementor-element elementor-element-82f7c62 elementor-view-stacked elementor-shape-square elementor-widget__width-initial elementor-position-block-start elementor-widget elementor-widget-icon-box\" data-id=\"82f7c62\" data-element_type=\"widget\" data-e-type=\"widget\" data-widget_type=\"icon-box.default\">\n\t\t\t\t<div class=\"elementor-widget-container\">\n\t\t\t\t\t\t\t<div class=\"elementor-icon-box-wrapper\">\n\n\t\t\t\t\t\t<div class=\"elementor-icon-box-icon\">\n\t\t\t\t<span  class=\"elementor-icon elementor-animation-shrink\">\n\t\t\t\t<i aria-hidden=\"true\" class=\"fas fa-hand-holding-usd\"><\/i>\t\t\t\t<\/span>\n\t\t\t<\/div>\n\t\t\t\n\t\t\t\t\t\t<div class=\"elementor-icon-box-content\">\n\n\t\t\t\t\n\t\t\t\t\t\t\t\t\t<p class=\"elementor-icon-box-description\">\n\t\t\t\t\t\t<b>Pague o m\u00ednimo poss\u00edvel de impostos<br><\/b><br>Somos especialistas em planejamento tribut\u00e1rio e recupera\u00e7\u00e3o de cr\u00e9ditos.\t\t\t\t\t<\/p>\n\t\t\t\t\n\t\t\t<\/div>\n\t\t\t\n\t\t<\/div>\n\t\t\t\t\t\t<\/div>\n\t\t\t\t<\/div>\n\t\t\t\t<div class=\"elementor-element elementor-element-0fd008f elementor-view-stacked elementor-shape-square elementor-widget__width-initial elementor-position-block-start elementor-widget elementor-widget-icon-box\" data-id=\"0fd008f\" data-element_type=\"widget\" data-e-type=\"widget\" data-widget_type=\"icon-box.default\">\n\t\t\t\t<div class=\"elementor-widget-container\">\n\t\t\t\t\t\t\t<div class=\"elementor-icon-box-wrapper\">\n\n\t\t\t\t\t\t<div class=\"elementor-icon-box-icon\">\n\t\t\t\t<span  class=\"elementor-icon elementor-animation-shrink\">\n\t\t\t\t<i aria-hidden=\"true\" class=\"fas fa-user-tie\"><\/i>\t\t\t\t<\/span>\n\t\t\t<\/div>\n\t\t\t\n\t\t\t\t\t\t<div class=\"elementor-icon-box-content\">\n\n\t\t\t\t\n\t\t\t\t\t\t\t\t\t<p class=\"elementor-icon-box-description\">\n\t\t\t\t\t\t<b>Profissionais altamente qualificados<\/b><br><br>Sua empresa nas m\u00e3os de quem entende de neg\u00f3cios.\t\t\t\t\t<\/p>\n\t\t\t\t\n\t\t\t<\/div>\n\t\t\t\n\t\t<\/div>\n\t\t\t\t\t\t<\/div>\n\t\t\t\t<\/div>\n\t\t\t\t\t<\/div>\n\t\t\t\t<\/div>\n\t\t\t\t<\/div>\n\t\t<div class=\"elementor-element elementor-element-7bc76b8 e-flex e-con-boxed e-con e-parent\" data-id=\"7bc76b8\" data-element_type=\"container\" data-e-type=\"container\" id=\"contato\" data-settings=\"{&quot;background_background&quot;:&quot;classic&quot;}\">\n\t\t\t\t\t<div class=\"e-con-inner\">\n\t\t<div class=\"elementor-element elementor-element-a621106 e-con-full e-flex e-con e-child\" data-id=\"a621106\" data-element_type=\"container\" data-e-type=\"container\">\n\t\t<div class=\"elementor-element elementor-element-b25b460 e-con-full e-flex e-con e-child\" data-id=\"b25b460\" data-element_type=\"container\" data-e-type=\"container\">\n\t\t\t\t<div class=\"elementor-element elementor-element-3c94f5f elementor-widget__width-initial elementor-widget-mobile__width-initial elementor-widget elementor-widget-heading\" data-id=\"3c94f5f\" data-element_type=\"widget\" data-e-type=\"widget\" data-settings=\"{&quot;_animation&quot;:&quot;none&quot;}\" data-widget_type=\"heading.default\">\n\t\t\t\t<div class=\"elementor-widget-container\">\n\t\t\t\t\t<h2 class=\"elementor-heading-title elementor-size-default\">Agende uma consulta gratuita e descubra como podemos te ajudar<\/h2>\t\t\t\t<\/div>\n\t\t\t\t<\/div>\n\t\t\t\t<div class=\"elementor-element elementor-element-4c0f877 elementor-align-justify elementor-widget__width-initial elementor-widget elementor-widget-button\" data-id=\"4c0f877\" data-element_type=\"widget\" data-e-type=\"widget\" data-widget_type=\"button.default\">\n\t\t\t\t<div class=\"elementor-widget-container\">\n\t\t\t\t\t\t\t\t\t<div class=\"elementor-button-wrapper\">\n\t\t\t\t\t<a class=\"elementor-button elementor-button-link elementor-size-sm elementor-animation-grow\" href=\"https:\/\/api.whatsapp.com\/send?phone=5521998559463&#038;text=Gostaria%20de%20falar%20com%20um%20contador\">\n\t\t\t\t\t\t<span class=\"elementor-button-content-wrapper\">\n\t\t\t\t\t\t\t\t\t<span class=\"elementor-button-text\">Quero falar com um contador<\/span>\n\t\t\t\t\t<\/span>\n\t\t\t\t\t<\/a>\n\t\t\t\t<\/div>\n\t\t\t\t\t\t\t\t<\/div>\n\t\t\t\t<\/div>\n\t\t\t\t<\/div>\n\t\t<div class=\"elementor-element elementor-element-4a9ce7f e-con-full e-flex e-con e-child\" data-id=\"4a9ce7f\" data-element_type=\"container\" data-e-type=\"container\">\n\t\t\t\t<\/div>\n\t\t\t\t<\/div>\n\t\t\t\t\t<\/div>\n\t\t\t\t<\/div>\n\t\t\t\t<\/div>\n\t\t","protected":false},"excerpt":{"rendered":"<p>Trabalhando incansavelmente para o sucesso dos nossos clientes. N\u00f3s acreditamos que a contabilidade vai muito al\u00e9m de n\u00fameros e planilhas. \u00c9 sobre entender as necessidades de cada um dos nossos clientes e ajud\u00e1-los da melhor maneira poss\u00edvel. Quero abrir uma empresa Quero trocar de contador Sobre n\u00f3s Nosso foco \u00e9 simplificar a vida dos nossos [&hellip;]<\/p>\n","protected":false},"author":1,"featured_media":0,"parent":0,"menu_order":0,"comment_status":"closed","ping_status":"closed","template":"elementor_canvas","meta":{"footnotes":""},"class_list":["post-236","page","type-page","status-publish","hentry"],"_links":{"self":[{"href":"https:\/\/souzamendescontabilidade.com.br\/index.php\/wp-json\/wp\/v2\/pages\/236","targetHints":{"allow":["GET"]}}],"collection":[{"href":"https:\/\/souzamendescontabilidade.com.br\/index.php\/wp-json\/wp\/v2\/pages"}],"about":[{"href":"https:\/\/souzamendescontabilidade.com.br\/index.php\/wp-json\/wp\/v2\/types\/page"}],"author":[{"embeddable":true,"href":"https:\/\/souzamendescontabilidade.com.br\/index.php\/wp-json\/wp\/v2\/users\/1"}],"replies":[{"embeddable":true,"href":"https:\/\/souzamendescontabilidade.com.br\/index.php\/wp-json\/wp\/v2\/comments?post=236"}],"version-history":[{"count":1090,"href":"https:\/\/souzamendescontabilidade.com.br\/index.php\/wp-json\/wp\/v2\/pages\/236\/revisions"}],"predecessor-version":[{"id":2192,"href":"https:\/\/souzamendescontabilidade.com.br\/index.php\/wp-json\/wp\/v2\/pages\/236\/revisions\/2192"}],"wp:attachment":[{"href":"https:\/\/souzamendescontabilidade.com.br\/index.php\/wp-json\/wp\/v2\/media?parent=236"}],"curies":[{"name":"wp","href":"https:\/\/api.w.org\/{rel}","templated":true}]}}